{"id":8,"date":"2025-08-18T08:39:47","date_gmt":"2025-08-18T08:39:47","guid":{"rendered":"https:\/\/unidosportorresvedras.pt\/2025\/?page_id=8"},"modified":"2025-10-03T10:46:23","modified_gmt":"2025-10-03T10:46:23","slug":"home","status":"publish","type":"page","link":"https:\/\/unidosportorresvedras.pt\/2025\/","title":{"rendered":"Home"},"content":{"rendered":"\t\t<div data-elementor-type=\"wp-post\" data-elementor-id=\"8\" class=\"elementor elementor-8\" data-elementor-post-type=\"page\">\n\t\t\t\t<div class=\"elementor-element elementor-element-9d386d3 e-con-full e-flex e-con e-parent\" data-id=\"9d386d3\" data-element_type=\"container\" data-settings=\"{&quot;background_background&quot;:&quot;video&quot;,&quot;background_video_link&quot;:&quot;https:\\\/\\\/slap.b-cdn.net\\\/unidos_web_sergio_galvao_smaller.mp4&quot;,&quot;background_play_on_mobile&quot;:&quot;yes&quot;}\">\n\t\t<div class=\"elementor-background-video-container\" aria-hidden=\"true\">\n\t\t\t\t\t\t\t<video class=\"elementor-background-video-hosted\" autoplay muted playsinline loop><\/video>\n\t\t\t\t\t<\/div><div class=\"elementor-element elementor-element-ad47a4e e-flex e-con-boxed e-con e-child\" data-id=\"ad47a4e\" data-element_type=\"container\">\n\t\t\t\t\t<div class=\"e-con-inner\">\n\t\t\t\t<div class=\"elementor-element elementor-element-9a78015 elementor-widget__width-initial elementor-widget-mobile__width-inherit elementor-widget elementor-widget-heading\" data-id=\"9a78015\" data-element_type=\"widget\" data-widget_type=\"heading.default\">\n\t\t\t\t\t<p class=\"elementor-heading-title elementor-size-default\">Durante os \u00faltimos 4 anos trabalh\u00e1mos, ouvimos, junt\u00e1mos pessoas com compet\u00eancias e apresent\u00e1mos propostas concretas para melhorar a vida dos cidad\u00e3os, dando voz \u00e0 comunidade, oferecendo alternativas e esperan\u00e7a. Um concelho de futuro, com cidad\u00e3os e recursos valorizados. A partir de dia 12, Torres Vedras vai finalmente cumprir a ambi\u00e7\u00e3o e potencial que h\u00e1 tanto tempo reclama.\n<\/p>\t\t\t\t<\/div>\n\t\t\t\t<div class=\"elementor-element elementor-element-aab46d3 elementor-widget elementor-widget-button\" data-id=\"aab46d3\" data-element_type=\"widget\" data-widget_type=\"button.default\">\n\t\t\t\t\t\t\t\t\t\t<a class=\"elementor-button elementor-button-link elementor-size-sm\" href=\"https:\/\/unidosportorresvedras.pt\/2025\/programa\/introducao\/\">\n\t\t\t\t\t\t<span class=\"elementor-button-content-wrapper\">\n\t\t\t\t\t\t\t\t\t<span class=\"elementor-button-text\">Programa (vers\u00e3o Web)<\/span>\n\t\t\t\t\t<\/span>\n\t\t\t\t\t<\/a>\n\t\t\t\t\t\t\t\t<\/div>\n\t\t\t\t<div class=\"elementor-element elementor-element-5e29d36 elementor-widget elementor-widget-button\" data-id=\"5e29d36\" data-element_type=\"widget\" data-widget_type=\"button.default\">\n\t\t\t\t\t\t\t\t\t\t<a class=\"elementor-button elementor-button-link elementor-size-sm\" href=\"https:\/\/unidosportorresvedras.pt\/2025\/wp-content\/uploads\/2025\/10\/PROGRAMA-UNIDOS-2025-Completo-c-Indice-Tematico-Versao-COMPLETA.pdf\" target=\"_blank\">\n\t\t\t\t\t\t<span class=\"elementor-button-content-wrapper\">\n\t\t\t\t\t\t\t\t\t<span class=\"elementor-button-text\">Programa (em PDF)<\/span>\n\t\t\t\t\t<\/span>\n\t\t\t\t\t<\/a>\n\t\t\t\t\t\t\t\t<\/div>\n\t\t\t\t<div class=\"elementor-element elementor-element-d8f192c elementor-widget elementor-widget-button\" data-id=\"d8f192c\" data-element_type=\"widget\" data-widget_type=\"button.default\">\n\t\t\t\t\t\t\t\t\t\t<a class=\"elementor-button elementor-button-link elementor-size-sm\" href=\"https:\/\/unidosportorresvedras.pt\/2025\/wp-content\/uploads\/2025\/10\/PROGRAMA-UNIDOS-2025-Algumas-propostas-um-relance-do-Programa.pdf\" target=\"_blank\">\n\t\t\t\t\t\t<span class=\"elementor-button-content-wrapper\">\n\t\t\t\t\t\t\t\t\t<span class=\"elementor-button-text\">Resumo do Programa<\/span>\n\t\t\t\t\t<\/span>\n\t\t\t\t\t<\/a>\n\t\t\t\t\t\t\t\t<\/div>\n\t\t\t\t\t<\/div>\n\t\t\t\t<\/div>\n\t\t\t\t<\/div>\n\t\t<div class=\"elementor-element elementor-element-b24b3e0 e-flex e-con-boxed e-con e-parent\" data-id=\"b24b3e0\" data-element_type=\"container\">\n\t\t\t\t\t<div class=\"e-con-inner\">\n\t\t\t\t<div class=\"elementor-element elementor-element-ba901e4 elementor-widget elementor-widget-menu-anchor\" data-id=\"ba901e4\" data-element_type=\"widget\" data-widget_type=\"menu-anchor.default\">\n\t\t\t\t\t\t\t<div class=\"elementor-menu-anchor\" id=\"videos\"><\/div>\n\t\t\t\t\t\t<\/div>\n\t\t\t\t\t<\/div>\n\t\t\t\t<\/div>\n\t\t<div class=\"elementor-element elementor-element-47abe84 e-flex e-con-boxed e-con e-parent\" data-id=\"47abe84\" data-element_type=\"container\">\n\t\t\t\t\t<div class=\"e-con-inner\">\n\t\t<div class=\"elementor-element elementor-element-7cf7e29 e-con-full e-flex e-con e-child\" data-id=\"7cf7e29\" data-element_type=\"container\">\n\t\t\t\t<div class=\"elementor-element elementor-element-3f4484a elementor-widget elementor-widget-heading\" data-id=\"3f4484a\" data-element_type=\"widget\" data-widget_type=\"heading.default\">\n\t\t\t\t\t<h2 class=\"elementor-heading-title elementor-size-default\">V\u00cdDEOS<\/h2>\t\t\t\t<\/div>\n\t\t\t\t<div class=\"elementor-element elementor-element-0bb8b5d elementor-widget elementor-widget-image\" data-id=\"0bb8b5d\" data-element_type=\"widget\" data-widget_type=\"image.default\">\n\t\t\t\t\t\t\t\t\t\t\t\t\t\t\t<img decoding=\"async\" width=\"100\" height=\"100\" src=\"https:\/\/unidosportorresvedras.pt\/2025\/wp-content\/uploads\/2025\/08\/bar-4.svg\" class=\"attachment-large size-large wp-image-192\" alt=\"\" \/>\t\t\t\t\t\t\t\t\t\t\t\t\t\t\t<\/div>\n\t\t\t\t<\/div>\n\t\t\t\t<div class=\"elementor-element elementor-element-ea82966 elementor-widget elementor-widget-shortcode\" data-id=\"ea82966\" data-element_type=\"widget\" data-widget_type=\"shortcode.default\">\n\t\t\t\t\t\t\t<div class=\"elementor-shortcode\">        <div class=\"video-masonry-container \">\n                                                \n                    <div class=\"video-masonry-grid\" style=\"\n                        grid-template-columns: repeat(auto-fit, minmax(300px, 1fr));\n                        gap: 20px;\n                    \">\n                                                        <div class=\"video-masonry-item\">\n                                                                        \n                                    <div class=\"iframe-wrapper\" style=\"padding-bottom: 56.071428571429%\">\n                                        <iframe class=\"masonry-iframe\" src=\"https:\/\/www.facebook.com\/plugins\/video.php?&amp;href=https%3A%2F%2Fwww.facebook.com%2FUnidosportorresvedras%2Fvideos%2F660774786674841%2F&amp;show_text=false&amp;&amp;t=0\" style=\"border: none;overflow: hidden\" frameborder=\"0\" allowfullscreen=\"true\" allow=\"autoplay; clipboard-write; encrypted-media; picture-in-picture; web-share\"><\/iframe>                                    <\/div>\n                                <\/div>\n                                                                <div class=\"video-masonry-item\">\n                                                                        \n                                    <div class=\"iframe-wrapper\" style=\"padding-bottom: 56.071428571429%\">\n                                        <iframe class=\"masonry-iframe\" src=\"https:\/\/www.facebook.com\/plugins\/video.php?&amp;href=https%3A%2F%2Fwww.facebook.com%2FUnidosportorresvedras%2Fvideos%2F1261167145217743%2F&amp;show_text=false&amp;&amp;t=0\" style=\"border: none;overflow: hidden\" frameborder=\"0\" allowfullscreen=\"true\" allow=\"autoplay; clipboard-write; encrypted-media; picture-in-picture; web-share\"><\/iframe>                                    <\/div>\n                                <\/div>\n                                                                <div class=\"video-masonry-item\">\n                                                                        \n                                    <div class=\"iframe-wrapper\" style=\"padding-bottom: 178.27715355805%\">\n                                        <iframe class=\"masonry-iframe\" src=\"https:\/\/www.facebook.com\/plugins\/video.php?&amp;href=https%3A%2F%2Fwww.facebook.com%2FUnidosportorresvedras%2Fvideos%2F1879982926186043%2F&amp;show_text=false&amp;&amp;t=0\" style=\"border: none;overflow: hidden\" frameborder=\"0\" allowfullscreen=\"true\" allow=\"autoplay; clipboard-write; encrypted-media; picture-in-picture; web-share\"><\/iframe>                                    <\/div>\n                                <\/div>\n                                                                <div class=\"video-masonry-item\">\n                                                                        \n                                    <div class=\"iframe-wrapper\" style=\"padding-bottom: 178.27715355805%\">\n                                        <iframe class=\"masonry-iframe\" src=\"https:\/\/www.facebook.com\/plugins\/video.php?&amp;href=https%3A%2F%2Fwww.facebook.com%2FUnidosportorresvedras%2Fvideos%2F851866880458198%2F&amp;show_text=false&amp;&amp;t=0\" style=\"border: none;overflow: hidden\" frameborder=\"0\" allowfullscreen=\"true\" allow=\"autoplay; clipboard-write; encrypted-media; picture-in-picture; web-share\"><\/iframe>                                    <\/div>\n                                <\/div>\n                                                                <div class=\"video-masonry-item\">\n                                                                        \n                                    <div class=\"iframe-wrapper\" style=\"padding-bottom: 178.27715355805%\">\n                                        <iframe class=\"masonry-iframe\" src=\"https:\/\/www.facebook.com\/plugins\/video.php?&amp;href=https%3A%2F%2Fwww.facebook.com%2FUnidosportorresvedras%2Fvideos%2F728985846250157%2F&amp;show_text=false&amp;&amp;t=0\" style=\"border: none;overflow: hidden\" frameborder=\"0\" allowfullscreen=\"true\" allow=\"autoplay; clipboard-write; encrypted-media; picture-in-picture; web-share\"><\/iframe>                                    <\/div>\n                                <\/div>\n                                                                <div class=\"video-masonry-item\">\n                                                                        \n                                    <div class=\"iframe-wrapper\" style=\"padding-bottom: 178.27715355805%\">\n                                        <iframe class=\"masonry-iframe\" src=\"https:\/\/www.facebook.com\/plugins\/video.php?&amp;href=https%3A%2F%2Fwww.facebook.com%2FUnidosportorresvedras%2Fvideos%2F599708496513880%2F&amp;show_text=false&amp;&amp;t=0\" style=\"border: none;overflow: hidden\" frameborder=\"0\" allowfullscreen=\"true\" allow=\"autoplay; clipboard-write; encrypted-media; picture-in-picture; web-share\"><\/iframe>                                    <\/div>\n                                <\/div>\n                                                                <div class=\"video-masonry-item\">\n                                                                        \n                                    <div class=\"iframe-wrapper\" style=\"padding-bottom: 56.071428571429%\">\n                                        <iframe class=\"masonry-iframe\" src=\"https:\/\/www.facebook.com\/plugins\/video.php?&amp;href=https%3A%2F%2Fwww.facebook.com%2FUnidosportorresvedras%2Fvideos%2F748445504710779%2F&amp;show_text=false&amp;&amp;t=0\" style=\"border: none;overflow: hidden\" frameborder=\"0\" allowfullscreen=\"true\" allow=\"autoplay; clipboard-write; encrypted-media; picture-in-picture; web-share\"><\/iframe>                                    <\/div>\n                                <\/div>\n                                                                <div class=\"video-masonry-item\">\n                                                                        \n                                    <div class=\"iframe-wrapper\" style=\"padding-bottom: 178.27715355805%\">\n                                        <iframe class=\"masonry-iframe\" src=\"https:\/\/www.facebook.com\/plugins\/video.php?&amp;href=https%3A%2F%2Fwww.facebook.com%2Freel%2F1441338850443391%2F&amp;show_text=false&amp;&amp;t=0\" style=\"border:none;overflow:hidden\" frameborder=\"0\" allowfullscreen=\"true\" allow=\"autoplay; clipboard-write; encrypted-media; picture-in-picture; web-share\" allowFullScreen=\"true\"><\/iframe>                                    <\/div>\n                                <\/div>\n                                                    <\/div>\n                            <\/div>\n\n        <style>\n            .video-masonry-container {\n                margin: 30px 0;\n            }\n            \n            .video-post-title {\n                margin: 30px 0 20px 0;\n                color: #333;\n                width: 100%;\n                grid-column: 1 \/ -1;\n            }\n            \n            .video-masonry-grid {\n                display: grid;\n                margin-bottom: 30px;\n            }\n            \n            .video-masonry-item {\n                break-inside: avoid;\n                background: #fff;\n                border-radius: 12px;\n                overflow: hidden;\n                box-shadow: 0 4px 6px rgba(0, 0, 0, 0.1);\n                transition: transform 0.3s ease, box-shadow 0.3s ease;\n            }\n            \n            .video-masonry-item:hover {\n                transform: translateY(-2px);\n                box-shadow: 0 8px 15px rgba(0, 0, 0, 0.15);\n            }\n            \n            .iframe-wrapper {\n                position: relative;\n                width: 100%;\n                height: 0;\n                overflow: hidden;\n            }\n            \n            .masonry-iframe {\n                position: absolute;\n                top: 0;\n                left: 0;\n                width: 100% !important;\n                height: 100% !important;\n                border: none;\n                display: block;\n            }\n            \n            .video-item-title {\n                margin: 15px;\n                font-size: 16px;\n                color: #333;\n                font-weight: 600;\n                line-height: 1.4;\n            }\n            \n            \/* Responsive adjustments *\/\n            @media (max-width: 768px) {\n                .video-masonry-grid {\n                    grid-template-columns: repeat(auto-fit, minmax(250px, 1fr)) !important;\n                }\n            }\n            \n            @media (max-width: 480px) {\n                .video-masonry-grid {\n                    grid-template-columns: 1fr !important;\n                }\n            }\n        <\/style>\n        <\/div>\n\t\t\t\t\t\t<\/div>\n\t\t\t\t\t<\/div>\n\t\t\t\t<\/div>\n\t\t<div class=\"elementor-element elementor-element-ca170e8 e-flex e-con-boxed e-con e-parent\" data-id=\"ca170e8\" data-element_type=\"container\">\n\t\t\t\t\t<div class=\"e-con-inner\">\n\t\t\t\t<div class=\"elementor-element elementor-element-ef948bf elementor-widget elementor-widget-menu-anchor\" data-id=\"ef948bf\" data-element_type=\"widget\" data-widget_type=\"menu-anchor.default\">\n\t\t\t\t\t\t\t<div class=\"elementor-menu-anchor\" id=\"galeria\"><\/div>\n\t\t\t\t\t\t<\/div>\n\t\t\t\t\t<\/div>\n\t\t\t\t<\/div>\n\t\t<div class=\"elementor-element elementor-element-82acb45 e-flex e-con-boxed e-con e-parent\" data-id=\"82acb45\" data-element_type=\"container\">\n\t\t\t\t\t<div class=\"e-con-inner\">\n\t\t<div class=\"elementor-element elementor-element-2ec0afa e-con-full e-flex e-con e-child\" data-id=\"2ec0afa\" data-element_type=\"container\">\n\t\t\t\t<div class=\"elementor-element elementor-element-e1d5618 elementor-widget elementor-widget-heading\" data-id=\"e1d5618\" data-element_type=\"widget\" data-widget_type=\"heading.default\">\n\t\t\t\t\t<h2 class=\"elementor-heading-title elementor-size-default\">GALERIA<\/h2>\t\t\t\t<\/div>\n\t\t\t\t<div class=\"elementor-element elementor-element-600a8dc elementor-widget elementor-widget-image\" data-id=\"600a8dc\" data-element_type=\"widget\" data-widget_type=\"image.default\">\n\t\t\t\t\t\t\t\t\t\t\t\t\t\t\t<img decoding=\"async\" width=\"100\" height=\"100\" src=\"https:\/\/unidosportorresvedras.pt\/2025\/wp-content\/uploads\/2025\/08\/bar-5.svg\" class=\"attachment-large size-large wp-image-193\" alt=\"\" \/>\t\t\t\t\t\t\t\t\t\t\t\t\t\t\t<\/div>\n\t\t\t\t<\/div>\n\t\t\t\t\t<\/div>\n\t\t\t\t<\/div>\n\t\t\t\t<\/div>\n\t\t","protected":false},"excerpt":{"rendered":"<p>Durante os \u00faltimos 4 anos trabalh\u00e1mos, ouvimos, junt\u00e1mos pessoas com compet\u00eancias e apresent\u00e1mos propostas concretas para melhorar a vida dos cidad\u00e3os, dando voz \u00e0 comunidade, oferecendo alternativas e esperan\u00e7a. Um concelho de futuro, com cidad\u00e3os e recursos valorizados. A partir de dia 12, Torres Vedras vai finalmente cumprir a ambi\u00e7\u00e3o e potencial que h\u00e1 tanto [&hellip;]<\/p>\n","protected":false},"author":1,"featured_media":0,"parent":0,"menu_order":0,"comment_status":"closed","ping_status":"closed","template":"","meta":{"_acf_changed":false,"footnotes":""},"class_list":["post-8","page","type-page","status-publish","hentry"],"acf":[],"yoast_head":"<!-- This site is optimized with the Yoast SEO plugin v26.0 - https:\/\/yoast.com\/wordpress\/plugins\/seo\/ -->\n<title>Unidos por Torres Vedras<\/title>\n<meta name=\"robots\" content=\"index, follow, max-snippet:-1, max-image-preview:large, max-video-preview:-1\" \/>\n<link rel=\"canonical\" href=\"https:\/\/unidosportorresvedras.pt\/2025\/\" \/>\n<meta property=\"og:locale\" content=\"en_US\" \/>\n<meta property=\"og:type\" content=\"article\" \/>\n<meta property=\"og:title\" content=\"Unidos por Torres Vedras\" \/>\n<meta property=\"og:description\" content=\"Durante os \u00faltimos 4 anos trabalh\u00e1mos, ouvimos, junt\u00e1mos pessoas com compet\u00eancias e apresent\u00e1mos propostas concretas para melhorar a vida dos cidad\u00e3os, dando voz \u00e0 comunidade, oferecendo alternativas e esperan\u00e7a. Um concelho de futuro, com cidad\u00e3os e recursos valorizados. A partir de dia 12, Torres Vedras vai finalmente cumprir a ambi\u00e7\u00e3o e potencial que h\u00e1 tanto [&hellip;]\" \/>\n<meta property=\"og:url\" content=\"https:\/\/unidosportorresvedras.pt\/2025\/\" \/>\n<meta property=\"og:site_name\" content=\"Unidos por Torres Vedras\" \/>\n<meta property=\"article:modified_time\" content=\"2025-10-03T10:46:23+00:00\" \/>\n<meta name=\"twitter:card\" content=\"summary_large_image\" \/>\n<meta name=\"twitter:label1\" content=\"Est. reading time\" \/>\n\t<meta name=\"twitter:data1\" content=\"1 minute\" \/>\n<script type=\"application\/ld+json\" class=\"yoast-schema-graph\">{\"@context\":\"https:\/\/schema.org\",\"@graph\":[{\"@type\":\"WebPage\",\"@id\":\"https:\/\/unidosportorresvedras.pt\/2025\/\",\"url\":\"https:\/\/unidosportorresvedras.pt\/2025\/\",\"name\":\"Unidos por Torres Vedras\",\"isPartOf\":{\"@id\":\"https:\/\/unidosportorresvedras.pt\/2025\/#website\"},\"primaryImageOfPage\":{\"@id\":\"https:\/\/unidosportorresvedras.pt\/2025\/#primaryimage\"},\"image\":{\"@id\":\"https:\/\/unidosportorresvedras.pt\/2025\/#primaryimage\"},\"thumbnailUrl\":\"https:\/\/unidosportorresvedras.pt\/2025\/wp-content\/uploads\/2025\/08\/bar-4.svg\",\"datePublished\":\"2025-08-18T08:39:47+00:00\",\"dateModified\":\"2025-10-03T10:46:23+00:00\",\"breadcrumb\":{\"@id\":\"https:\/\/unidosportorresvedras.pt\/2025\/#breadcrumb\"},\"inLanguage\":\"en-US\",\"potentialAction\":[{\"@type\":\"ReadAction\",\"target\":[\"https:\/\/unidosportorresvedras.pt\/2025\/\"]}]},{\"@type\":\"ImageObject\",\"inLanguage\":\"en-US\",\"@id\":\"https:\/\/unidosportorresvedras.pt\/2025\/#primaryimage\",\"url\":\"https:\/\/unidosportorresvedras.pt\/2025\/wp-content\/uploads\/2025\/08\/bar-4.svg\",\"contentUrl\":\"https:\/\/unidosportorresvedras.pt\/2025\/wp-content\/uploads\/2025\/08\/bar-4.svg\",\"width\":100,\"height\":100},{\"@type\":\"BreadcrumbList\",\"@id\":\"https:\/\/unidosportorresvedras.pt\/2025\/#breadcrumb\",\"itemListElement\":[{\"@type\":\"ListItem\",\"position\":1,\"name\":\"Home\",\"item\":\"https:\/\/unidosportorresvedras.pt\/2025\/\"},{\"@type\":\"ListItem\",\"position\":2,\"name\":\"Home\"}]},{\"@type\":\"WebSite\",\"@id\":\"https:\/\/unidosportorresvedras.pt\/2025\/#website\",\"url\":\"https:\/\/unidosportorresvedras.pt\/2025\/\",\"name\":\"Unidos por Torres Vedras\",\"description\":\"\",\"publisher\":{\"@id\":\"https:\/\/unidosportorresvedras.pt\/2025\/#organization\"},\"potentialAction\":[{\"@type\":\"SearchAction\",\"target\":{\"@type\":\"EntryPoint\",\"urlTemplate\":\"https:\/\/unidosportorresvedras.pt\/2025\/?s={search_term_string}\"},\"query-input\":{\"@type\":\"PropertyValueSpecification\",\"valueRequired\":true,\"valueName\":\"search_term_string\"}}],\"inLanguage\":\"en-US\"},{\"@type\":\"Organization\",\"@id\":\"https:\/\/unidosportorresvedras.pt\/2025\/#organization\",\"name\":\"Unidos por Torres Vedras\",\"url\":\"https:\/\/unidosportorresvedras.pt\/2025\/\",\"logo\":{\"@type\":\"ImageObject\",\"inLanguage\":\"en-US\",\"@id\":\"https:\/\/unidosportorresvedras.pt\/2025\/#\/schema\/logo\/image\/\",\"url\":\"https:\/\/unidosportorresvedras.pt\/2025\/wp-content\/uploads\/2025\/08\/unidos_2025.svg\",\"contentUrl\":\"https:\/\/unidosportorresvedras.pt\/2025\/wp-content\/uploads\/2025\/08\/unidos_2025.svg\",\"width\":100,\"height\":100,\"caption\":\"Unidos por Torres Vedras\"},\"image\":{\"@id\":\"https:\/\/unidosportorresvedras.pt\/2025\/#\/schema\/logo\/image\/\"}}]}<\/script>\n<!-- \/ Yoast SEO plugin. -->","yoast_head_json":{"title":"Unidos por Torres Vedras","robots":{"index":"index","follow":"follow","max-snippet":"max-snippet:-1","max-image-preview":"max-image-preview:large","max-video-preview":"max-video-preview:-1"},"canonical":"https:\/\/unidosportorresvedras.pt\/2025\/","og_locale":"en_US","og_type":"article","og_title":"Unidos por Torres Vedras","og_description":"Durante os \u00faltimos 4 anos trabalh\u00e1mos, ouvimos, junt\u00e1mos pessoas com compet\u00eancias e apresent\u00e1mos propostas concretas para melhorar a vida dos cidad\u00e3os, dando voz \u00e0 comunidade, oferecendo alternativas e esperan\u00e7a. Um concelho de futuro, com cidad\u00e3os e recursos valorizados. A partir de dia 12, Torres Vedras vai finalmente cumprir a ambi\u00e7\u00e3o e potencial que h\u00e1 tanto [&hellip;]","og_url":"https:\/\/unidosportorresvedras.pt\/2025\/","og_site_name":"Unidos por Torres Vedras","article_modified_time":"2025-10-03T10:46:23+00:00","twitter_card":"summary_large_image","twitter_misc":{"Est. reading time":"1 minute"},"schema":{"@context":"https:\/\/schema.org","@graph":[{"@type":"WebPage","@id":"https:\/\/unidosportorresvedras.pt\/2025\/","url":"https:\/\/unidosportorresvedras.pt\/2025\/","name":"Unidos por Torres Vedras","isPartOf":{"@id":"https:\/\/unidosportorresvedras.pt\/2025\/#website"},"primaryImageOfPage":{"@id":"https:\/\/unidosportorresvedras.pt\/2025\/#primaryimage"},"image":{"@id":"https:\/\/unidosportorresvedras.pt\/2025\/#primaryimage"},"thumbnailUrl":"https:\/\/unidosportorresvedras.pt\/2025\/wp-content\/uploads\/2025\/08\/bar-4.svg","datePublished":"2025-08-18T08:39:47+00:00","dateModified":"2025-10-03T10:46:23+00:00","breadcrumb":{"@id":"https:\/\/unidosportorresvedras.pt\/2025\/#breadcrumb"},"inLanguage":"en-US","potentialAction":[{"@type":"ReadAction","target":["https:\/\/unidosportorresvedras.pt\/2025\/"]}]},{"@type":"ImageObject","inLanguage":"en-US","@id":"https:\/\/unidosportorresvedras.pt\/2025\/#primaryimage","url":"https:\/\/unidosportorresvedras.pt\/2025\/wp-content\/uploads\/2025\/08\/bar-4.svg","contentUrl":"https:\/\/unidosportorresvedras.pt\/2025\/wp-content\/uploads\/2025\/08\/bar-4.svg","width":100,"height":100},{"@type":"BreadcrumbList","@id":"https:\/\/unidosportorresvedras.pt\/2025\/#breadcrumb","itemListElement":[{"@type":"ListItem","position":1,"name":"Home","item":"https:\/\/unidosportorresvedras.pt\/2025\/"},{"@type":"ListItem","position":2,"name":"Home"}]},{"@type":"WebSite","@id":"https:\/\/unidosportorresvedras.pt\/2025\/#website","url":"https:\/\/unidosportorresvedras.pt\/2025\/","name":"Unidos por Torres Vedras","description":"","publisher":{"@id":"https:\/\/unidosportorresvedras.pt\/2025\/#organization"},"potentialAction":[{"@type":"SearchAction","target":{"@type":"EntryPoint","urlTemplate":"https:\/\/unidosportorresvedras.pt\/2025\/?s={search_term_string}"},"query-input":{"@type":"PropertyValueSpecification","valueRequired":true,"valueName":"search_term_string"}}],"inLanguage":"en-US"},{"@type":"Organization","@id":"https:\/\/unidosportorresvedras.pt\/2025\/#organization","name":"Unidos por Torres Vedras","url":"https:\/\/unidosportorresvedras.pt\/2025\/","logo":{"@type":"ImageObject","inLanguage":"en-US","@id":"https:\/\/unidosportorresvedras.pt\/2025\/#\/schema\/logo\/image\/","url":"https:\/\/unidosportorresvedras.pt\/2025\/wp-content\/uploads\/2025\/08\/unidos_2025.svg","contentUrl":"https:\/\/unidosportorresvedras.pt\/2025\/wp-content\/uploads\/2025\/08\/unidos_2025.svg","width":100,"height":100,"caption":"Unidos por Torres Vedras"},"image":{"@id":"https:\/\/unidosportorresvedras.pt\/2025\/#\/schema\/logo\/image\/"}}]}},"_links":{"self":[{"href":"https:\/\/unidosportorresvedras.pt\/2025\/wp-json\/wp\/v2\/pages\/8","targetHints":{"allow":["GET"]}}],"collection":[{"href":"https:\/\/unidosportorresvedras.pt\/2025\/wp-json\/wp\/v2\/pages"}],"about":[{"href":"https:\/\/unidosportorresvedras.pt\/2025\/wp-json\/wp\/v2\/types\/page"}],"author":[{"embeddable":true,"href":"https:\/\/unidosportorresvedras.pt\/2025\/wp-json\/wp\/v2\/users\/1"}],"replies":[{"embeddable":true,"href":"https:\/\/unidosportorresvedras.pt\/2025\/wp-json\/wp\/v2\/comments?post=8"}],"version-history":[{"count":147,"href":"https:\/\/unidosportorresvedras.pt\/2025\/wp-json\/wp\/v2\/pages\/8\/revisions"}],"predecessor-version":[{"id":596,"href":"https:\/\/unidosportorresvedras.pt\/2025\/wp-json\/wp\/v2\/pages\/8\/revisions\/596"}],"wp:attachment":[{"href":"https:\/\/unidosportorresvedras.pt\/2025\/wp-json\/wp\/v2\/media?parent=8"}],"curies":[{"name":"wp","href":"https:\/\/api.w.org\/{rel}","templated":true}]}}